{"id":836,"date":"2022-06-03T18:50:02","date_gmt":"2022-06-03T18:50:02","guid":{"rendered":"https:\/\/domponciano.com\/?page_id=836"},"modified":"2022-07-21T19:37:00","modified_gmt":"2022-07-21T19:37:00","slug":"politica-de-privacidade","status":"publish","type":"page","link":"https:\/\/domponciano.com\/pt\/politica-de-privacidade\/","title":{"rendered":"Pol\u00edtica de Privacidade"},"content":{"rendered":"<div data-elementor-type=\"wp-page\" data-elementor-id=\"836\" class=\"elementor elementor-836\" data-elementor-post-type=\"page\">\n\t\t\t\t\t\t\t\t\t<section class=\"elementor-section elementor-top-section elementor-element elementor-element-5bb8de3 elementor-section-full_width elementor-section-height-default elementor-section-height-default\" data-id=\"5bb8de3\" data-element_type=\"section\" data-settings=\"{&quot;background_background&quot;:&quot;classic&quot;}\">\n\t\t\t\t\t\t<div class=\"elementor-container elementor-column-gap-default\">\n\t\t\t\t\t<div class=\"elementor-column elementor-col-100 elementor-top-column elementor-element elementor-element-49d4359\" data-id=\"49d4359\" data-element_type=\"column\">\n\t\t\t<div class=\"elementor-widget-wrap elementor-element-populated\">\n\t\t\t\t\t\t\t\t<div class=\"elementor-element elementor-element-953bf30 elementor-widget elementor-widget-heading\" data-id=\"953bf30\" data-element_type=\"widget\" data-widget_type=\"heading.default\">\n\t\t\t\t<div class=\"elementor-widget-container\">\n\t\t\t<h2 class=\"elementor-heading-title elementor-size-default\">Pol\u00edtica de Cookies e Privacidade<\/h2>\t\t<\/div>\n\t\t\t\t<\/div>\n\t\t\t\t<div class=\"elementor-element elementor-element-4ac4692 elementor-widget elementor-widget-image\" data-id=\"4ac4692\" data-element_type=\"widget\" data-widget_type=\"image.default\">\n\t\t\t\t<div class=\"elementor-widget-container\">\n\t\t\t\t\t\t\t\t\t\t\t\t\t\t\t<img loading=\"lazy\" decoding=\"async\" width=\"1\" height=\"1\" src=\"https:\/\/domponciano.com\/wp-content\/uploads\/2022\/05\/Group-46.svg\" class=\"attachment-large size-large wp-image-47\" alt=\"\" \/>\t\t\t\t\t\t\t\t\t\t\t\t\t\t\t<\/div>\n\t\t\t\t<\/div>\n\t\t\t\t\t<\/div>\n\t\t<\/div>\n\t\t\t\t\t\t\t<\/div>\n\t\t<\/section>\n\t\t\t\t<section class=\"elementor-section elementor-top-section elementor-element elementor-element-a852c8b elementor-section-boxed elementor-section-height-default elementor-section-height-default\" data-id=\"a852c8b\" data-element_type=\"section\">\n\t\t\t\t\t\t<div class=\"elementor-container elementor-column-gap-default\">\n\t\t\t\t\t<div class=\"elementor-column elementor-col-100 elementor-top-column elementor-element elementor-element-61d31f3\" data-id=\"61d31f3\" data-element_type=\"column\">\n\t\t\t<div class=\"elementor-widget-wrap elementor-element-populated\">\n\t\t\t\t\t\t\t\t<section class=\"elementor-section elementor-inner-section elementor-element elementor-element-3cc6851 elementor-section-boxed elementor-section-height-default elementor-section-height-default\" data-id=\"3cc6851\" data-element_type=\"section\">\n\t\t\t\t\t\t<div class=\"elementor-container elementor-column-gap-default\">\n\t\t\t\t\t<div class=\"elementor-column elementor-col-100 elementor-inner-column elementor-element elementor-element-3410d31\" data-id=\"3410d31\" data-element_type=\"column\">\n\t\t\t<div class=\"elementor-widget-wrap elementor-element-populated\">\n\t\t\t\t\t\t\t\t<div class=\"elementor-element elementor-element-7e5a606 elementor-widget elementor-widget-text-editor\" data-id=\"7e5a606\" data-element_type=\"widget\" data-widget_type=\"text-editor.default\">\n\t\t\t\t<div class=\"elementor-widget-container\">\n\t\t\t\t\t\t\t<h3>Condi\u00e7\u00f5es Gerais<\/h3><p>Os seguintes s\u00e3o os termos de um contrato estabelecido entre o Utilizador e o\u00a0<em>Dom Ponciano<\/em>, pessoa coletiva 513 349 138, com sede em Rua Maria Cust\u00f3dia da Silva, 174, Zona Industrial Maia 1 \u2013 Sector 4 &#8211; 4470-461 Maia, Portugal.<\/p><p>Ao aceder e usar este Website o Utilizador admite ter lido e compreendido estes termos e cumprir\u00e1 com todas as leis e regras aplic\u00e1veis.<\/p><p>Se o Utilizador n\u00e3o estiver de acordo com estes termos, por favor n\u00e3o use este Website. O material apresentado neste Website est\u00e1 protegido por lei.<\/p><h3>Privacidade<\/h3><p>Esta Pol\u00edtica de Privacidade enuncia as formas de recolha e utiliza\u00e7\u00e3o dos dados pessoais, assim como as medidas de salvaguarda e seguran\u00e7a adotadas no tratamento dos mesmos.<\/p><p>O\u00a0<em>Dom Ponciano<\/em>\u00a0reconhece a import\u00e2ncia da privacidade. Nunca venderemos a tua informa\u00e7\u00e3o a terceiros, sejam eles particulares ou empresas.<\/p><p>O website www.domponciano.pt \u00e9 propriedade de<\/p><p>A nossa empresa assume um compromisso de privacidade de todos e quaisquer dados pessoais do cliente, bem como da sua seguran\u00e7a. Todas as informa\u00e7\u00f5es que nos fornecer permitir\u00e3o apenas que o nosso servi\u00e7o seja mais adequado \u00e0s suas necessidades. As informa\u00e7\u00f5es introduzidas aquando do pagamento encontram-se devidamente protegidas, sendo encriptadas recorrendo \u00e0s mais avan\u00e7adas e eficazes ferramentas de seguran\u00e7a. A informa\u00e7\u00e3o pessoal recolhida pode incluir o seu nome, e-mail, n\u00famero de telefone ou telem\u00f3vel, morada, data de nascimento, entre outros.<\/p><p>O\u00a0<em>Dom Ponciano<\/em>\u00a0\u00e9 o respons\u00e1vel pelo tratamento de dados pessoais que recolhe e trata, ao abrigo do que est\u00e1 definido pelo Regulamento Geral sobre a Prote\u00e7\u00e3o de Dados. Os dados pessoais poder\u00e3o igualmente ser recolhidos em conjunto com as Marcas que o\u00a0<em>Dom Ponciano<\/em>\u00a0distribui, sendo objeto de dupla garantia: os dados s\u00e3o cobertos pela Pol\u00edtica de Privacidade do Dom Ponciano e pela Pol\u00edtica de Privacidade das respetivas Marcas.<\/p><p>Tal como outros websites, recolhemos e utilizamos informa\u00e7\u00e3o contida nos an\u00fancios, que inclui o seu endere\u00e7o IP (Internet Protocol), o seu ISP (Internet Service Provider), o browser que utilizou ao visitar o nosso website, o tempo de visita e que p\u00e1ginas visitou dentro do nosso website.<\/p><p>Tratamos dados pessoais quando tal for necess\u00e1rio para cumprir com obriga\u00e7\u00f5es legais que se nos apliquem. Poderemos ainda tratar a informa\u00e7\u00e3o se tivermos um interesse leg\u00edtimo para o fazer, desde que, em cada caso, o nosso interesse esteja em conformidade com a legisla\u00e7\u00e3o aplic\u00e1vel e os direitos do titular dos dados, nomeadamente para: comunica\u00e7\u00e3o com os nossos clientes; recrutamento de colaboradores; presta\u00e7\u00e3o de informa\u00e7\u00f5es sobre as atividades do\u00a0<em>Dom Ponciano<\/em>; desenvolvimento e manuten\u00e7\u00e3o do website; presta\u00e7\u00e3o de assist\u00eancia t\u00e9cnica; preven\u00e7\u00e3o e dete\u00e7\u00e3o de fraude; assegurar a seguran\u00e7a da rede de informa\u00e7\u00e3o;<\/p><p><strong>Links para sites de terceiros<\/strong><\/p><p>Este Website pode conter links para sites de terceiros (\u201csites vinculados\u201d). Os sites vinculados n\u00e3o est\u00e3o sob o controle do\u00a0<em>Dom Ponciano<\/em>, n\u00e3o sendo respons\u00e1vel pelo conte\u00fado de qualquer Site Vinculado.<\/p><p><strong>Exerc\u00edcio dos Direitos por parte do Titular dos Dados<\/strong><\/p><p>A qualquer momento o titular dos dados pode:<\/p><ul><li>Solicitar o acesso \u00e0 informa\u00e7\u00e3o \u2013 o titular dos dados pessoais tem o direito a obter a confirma\u00e7\u00e3o de que os dados que lhe digam respeito s\u00e3o ou n\u00e3o objeto de tratamento e, quando for o caso, aceder aos seus dados pessoais e aceder \u00e0s informa\u00e7\u00f5es previstas na lei.<\/li><li>Solicitar a retifica\u00e7\u00e3o da informa\u00e7\u00e3o caso esteja inexata ou incompleta \u2013 o titular dos dados pessoais t\u00eam direito a que o\u00a0<em>Dom Ponciano<\/em>, sem demora injustificada, retifique os dados inexatos ou incompletos que lhe digam respeito.<\/li><li>Solicitar que os seus dados pessoais sejam apagados \u2013 o titular dos dados pessoais tem o direito de solicitar ao\u00a0<em>Dom Ponciano<\/em>\u00a0que sejam apagados os seus dados, sem demora injustificada, e esta tem a obriga\u00e7\u00e3o de apagar os dados pessoais, sem demora injustificada, quando se aplique, designadamente, um dos seguintes motivos:<\/li><li>Os dados pessoais deixaram de ser necess\u00e1rios para a finalidade que motivou a sua recolha ou tratamento;<\/li><li>Op\u00f5e-se ao tratamento e n\u00e3o existem interesses leg\u00edtimos prevalecentes que justifiquem o tratamento; ou<\/li><li>Retirou o seu consentimento para o tratamento de dados (nos casos em que o tratamento \u00e9 baseado no consentimento) e n\u00e3o existir outro fundamento para o referido tratamento.<\/li><li>Solicitar a limita\u00e7\u00e3o do tratamento dos seus dados pessoais \u2013 o titular dos dados pessoais tem o direito de solicitar ao\u00a0<em>Dom Ponciano<\/em>\u00a0a limita\u00e7\u00e3o do tratamento dos seus dados se se aplicar, designadamente, uma das seguintes situa\u00e7\u00f5es:<\/li><li>Contestar a exatid\u00e3o dos dados pessoais, durante um per\u00edodo que permita ao\u00a0<em>Dom Ponciano<\/em>\u00a0verificar a sua exatid\u00e3o;<\/li><li>O tratamento de dados for l\u00edcito e o titular dos dados se opuser ao apagamento dos dados pessoais e solicitar, em contrapartida, a limita\u00e7\u00e3o da sua utiliza\u00e7\u00e3o;<\/li><li>O\u00a0<em>Dom Ponciano<\/em>\u00a0j\u00e1 n\u00e3o precisar dos dados pessoais para fins de tratamento, mas esses dados forem requeridos pelo titular para efeitos de declara\u00e7\u00e3o, exerc\u00edcio ou defesa de um direito num processo judicial;<\/li><li>Se tiver oposto ao tratamento, at\u00e9 se verificar que os motivos leg\u00edtimos do respons\u00e1vel pelo tratamento prevalecem sobre os do titular dos dados.<\/li><li>Opor-se ao tratamento dos seus dados pessoais \u2013 o titular dos dados, 1) nos casos em que o tratamento de dados for efetuado para efeito dos interesses leg\u00edtimos prosseguidos pelo\u00a0<em>Dom Ponciano<\/em>; ou 2) o tratamento de dados for efetuado para efeitos de marketing direto; ou 3) defini\u00e7\u00e3o de perfis; pode ainda, a qualquer altura, opor-se ao tratamento dos seus dados pessoais.<\/li><\/ul><p>\u00a0<\/p><p>Se o tratamento depender do seu consentimento, tem direito a retir\u00e1-lo \u2013 se o consentimento for legalmente necess\u00e1rio para o tratamento de dados pessoais o titular dos dados tem o direito de retirar consentimento em qualquer altura, embora esse direito n\u00e3o comprometa a licitude do tratamento efetuado com base no consentimento previamente dado nem o tratamento posterior dos mesmos dados, baseado noutra base legal, como \u00e9 o caso do cumprimento do contrato ou da obriga\u00e7\u00e3o legal a que o Dom Ponciano esteja sujeito.<\/p><p>Os titulares dos dados poder\u00e3o, em qualquer momento, exercer os seus direitos, atrav\u00e9s do endere\u00e7o de email info@domponciano.pt ou atrav\u00e9s de carta para o endere\u00e7o Rua Martim Velho, n\u00ba 36 R\/C, 4900-486 Viana do Castelo.<\/p><p>Poder\u00e1 ser-lhe solicitado que que fala prova da sua identidade de modo a assegurar que a partilha dos dados pessoais \u00e9 unicamente feita pelo seu titular. Em certos casos, nomeadamente devido a requisitos legais, o pedido do utilizador poder\u00e1 n\u00e3o ser imediatamente satisfeito, sendo informado das medidas desencadeadas nesse sentido, no prazo de 1 m\u00eas a partir do momento em que o pedido for efetuado. Tem ainda o direito de apresentar uma reclama\u00e7\u00e3o \u00e0 Comiss\u00e3o Nacional de Prote\u00e7\u00e3o de Dados.<\/p>\t\t\t\t\t\t<\/div>\n\t\t\t\t<\/div>\n\t\t\t\t\t<\/div>\n\t\t<\/div>\n\t\t\t\t\t\t\t<\/div>\n\t\t<\/section>\n\t\t\t\t\t<\/div>\n\t\t<\/div>\n\t\t\t\t\t\t\t<\/div>\n\t\t<\/section>\n\t\t\t\t\t\t\t<\/div>","protected":false},"excerpt":{"rendered":"<p>Pol\u00edtica de Cookies e Privacidade Condi\u00e7\u00f5es Gerais Os seguintes s\u00e3o os termos de um contrato estabelecido entre o Utilizador e o\u00a0Dom Ponciano, pessoa coletiva 513 349 138, com sede em Rua Maria Cust\u00f3dia da Silva, 174, Zona Industrial Maia 1 \u2013 Sector 4 &#8211; 4470-461 Maia, Portugal. Ao aceder e usar este Website o Utilizador [&hellip;]<\/p>","protected":false},"author":1,"featured_media":0,"parent":0,"menu_order":0,"comment_status":"closed","ping_status":"closed","template":"elementor_header_footer","meta":{"footnotes":""},"class_list":["post-836","page","type-page","status-publish","hentry"],"_links":{"self":[{"href":"https:\/\/domponciano.com\/pt\/wp-json\/wp\/v2\/pages\/836","targetHints":{"allow":["GET"]}}],"collection":[{"href":"https:\/\/domponciano.com\/pt\/wp-json\/wp\/v2\/pages"}],"about":[{"href":"https:\/\/domponciano.com\/pt\/wp-json\/wp\/v2\/types\/page"}],"author":[{"embeddable":true,"href":"https:\/\/domponciano.com\/pt\/wp-json\/wp\/v2\/users\/1"}],"replies":[{"embeddable":true,"href":"https:\/\/domponciano.com\/pt\/wp-json\/wp\/v2\/comments?post=836"}],"version-history":[{"count":6,"href":"https:\/\/domponciano.com\/pt\/wp-json\/wp\/v2\/pages\/836\/revisions"}],"predecessor-version":[{"id":1448,"href":"https:\/\/domponciano.com\/pt\/wp-json\/wp\/v2\/pages\/836\/revisions\/1448"}],"wp:attachment":[{"href":"https:\/\/domponciano.com\/pt\/wp-json\/wp\/v2\/media?parent=836"}],"curies":[{"name":"wp","href":"https:\/\/api.w.org\/{rel}","templated":true}]}}