{"id":677,"date":"2022-05-31T05:12:26","date_gmt":"2022-05-31T05:12:26","guid":{"rendered":"https:\/\/domponciano.com\/?page_id=677"},"modified":"2022-07-20T15:23:35","modified_gmt":"2022-07-20T15:23:35","slug":"testemunhos","status":"publish","type":"page","link":"https:\/\/domponciano.com\/pt\/testemunhos\/","title":{"rendered":"Testemunhos"},"content":{"rendered":"<div data-elementor-type=\"wp-page\" data-elementor-id=\"677\" class=\"elementor elementor-677\" data-elementor-post-type=\"page\">\n\t\t\t\t\t\t\t\t\t<section class=\"elementor-section elementor-top-section elementor-element elementor-element-e1fb83a elementor-section-boxed elementor-section-height-default elementor-section-height-default\" data-id=\"e1fb83a\" data-element_type=\"section\" data-settings=\"{&quot;background_background&quot;:&quot;classic&quot;}\">\n\t\t\t\t\t\t<div class=\"elementor-container elementor-column-gap-default\">\n\t\t\t\t\t<div class=\"elementor-column elementor-col-100 elementor-top-column elementor-element elementor-element-007d2c6\" data-id=\"007d2c6\" data-element_type=\"column\">\n\t\t\t<div class=\"elementor-widget-wrap elementor-element-populated\">\n\t\t\t\t\t\t\t\t<div class=\"elementor-element elementor-element-4e69695 elementor-widget elementor-widget-heading\" data-id=\"4e69695\" data-element_type=\"widget\" data-widget_type=\"heading.default\">\n\t\t\t\t<div class=\"elementor-widget-container\">\n\t\t\t<h2 class=\"elementor-heading-title elementor-size-default\">TESTEMUNHOS<\/h2>\t\t<\/div>\n\t\t\t\t<\/div>\n\t\t\t\t<div class=\"elementor-element elementor-element-52789e3 elementor-invisible elementor-widget elementor-widget-image\" data-id=\"52789e3\" data-element_type=\"widget\" data-settings=\"{&quot;_animation&quot;:&quot;zoomIn&quot;}\" data-widget_type=\"image.default\">\n\t\t\t\t<div class=\"elementor-widget-container\">\n\t\t\t\t\t\t\t\t\t\t\t\t\t\t\t\t<a href=\"\/pt\/\">\n\t\t\t\t\t\t\t<img loading=\"lazy\" decoding=\"async\" width=\"1\" height=\"1\" src=\"https:\/\/domponciano.com\/wp-content\/uploads\/2022\/05\/Group-46.svg\" class=\"attachment-large size-large wp-image-47\" alt=\"\" \/>\t\t\t\t\t\t\t\t<\/a>\n\t\t\t\t\t\t\t\t\t\t\t\t\t\t\t<\/div>\n\t\t\t\t<\/div>\n\t\t\t\t\t<\/div>\n\t\t<\/div>\n\t\t\t\t\t\t\t<\/div>\n\t\t<\/section>\n\t\t\t\t<section class=\"elementor-section elementor-top-section elementor-element elementor-element-bbc0c9c elementor-section-boxed elementor-section-height-default elementor-section-height-default\" data-id=\"bbc0c9c\" data-element_type=\"section\">\n\t\t\t\t\t\t<div class=\"elementor-container elementor-column-gap-default\">\n\t\t\t\t\t<div class=\"elementor-column elementor-col-33 elementor-top-column elementor-element elementor-element-9bfb43d elementor-invisible\" data-id=\"9bfb43d\" data-element_type=\"column\" data-settings=\"{&quot;background_background&quot;:&quot;classic&quot;,&quot;animation&quot;:&quot;fadeInLeft&quot;}\">\n\t\t\t<div class=\"elementor-widget-wrap elementor-element-populated\">\n\t\t\t\t\t<div class=\"elementor-background-overlay\"><\/div>\n\t\t\t\t\t\t\t\t<div class=\"elementor-element elementor-element-557be17 elementor-widget elementor-widget-heading\" data-id=\"557be17\" data-element_type=\"widget\" data-widget_type=\"heading.default\">\n\t\t\t\t<div class=\"elementor-widget-container\">\n\t\t\t<h2 class=\"elementor-heading-title elementor-size-default\">PR\u00c9MIO ALVARINHO DO MUNDO\nMEDALHA DE OURO 2014<\/h2>\t\t<\/div>\n\t\t\t\t<\/div>\n\t\t\t\t<div class=\"elementor-element elementor-element-14a64b8 elementor-widget__width-initial elementor-widget elementor-widget-image\" data-id=\"14a64b8\" data-element_type=\"widget\" data-widget_type=\"image.default\">\n\t\t\t\t<div class=\"elementor-widget-container\">\n\t\t\t\t\t\t\t\t\t\t\t\t\t\t\t<img loading=\"lazy\" decoding=\"async\" width=\"201\" height=\"202\" src=\"https:\/\/domponciano.com\/wp-content\/uploads\/2022\/05\/fav.png\" class=\"attachment-large size-large wp-image-682\" alt=\"\" srcset=\"https:\/\/domponciano.com\/wp-content\/uploads\/2022\/05\/fav.png 201w, https:\/\/domponciano.com\/wp-content\/uploads\/2022\/05\/fav-150x150.png 150w\" sizes=\"auto, (max-width: 201px) 100vw, 201px\" \/>\t\t\t\t\t\t\t\t\t\t\t\t\t\t\t<\/div>\n\t\t\t\t<\/div>\n\t\t\t\t<div class=\"elementor-element elementor-element-c237f50 elementor-widget__width-initial elementor-widget elementor-widget-heading\" data-id=\"c237f50\" data-element_type=\"widget\" data-widget_type=\"heading.default\">\n\t\t\t\t<div class=\"elementor-widget-container\">\n\t\t\t<h2 class=\"elementor-heading-title elementor-size-default\">PRATA<\/h2>\t\t<\/div>\n\t\t\t\t<\/div>\n\t\t\t\t<div class=\"elementor-element elementor-element-6284fd9 elementor-widget__width-initial elementor-widget elementor-widget-heading\" data-id=\"6284fd9\" data-element_type=\"widget\" data-widget_type=\"heading.default\">\n\t\t\t\t<div class=\"elementor-widget-container\">\n\t\t\t<h2 class=\"elementor-heading-title elementor-size-default\">Pr\u00e9mio <\/h2>\t\t<\/div>\n\t\t\t\t<\/div>\n\t\t\t\t\t<\/div>\n\t\t<\/div>\n\t\t\t\t<div class=\"elementor-column elementor-col-33 elementor-top-column elementor-element elementor-element-29475a9 elementor-invisible\" data-id=\"29475a9\" data-element_type=\"column\" data-settings=\"{&quot;background_background&quot;:&quot;classic&quot;,&quot;animation&quot;:&quot;fadeIn&quot;}\">\n\t\t\t<div class=\"elementor-widget-wrap elementor-element-populated\">\n\t\t\t\t\t<div class=\"elementor-background-overlay\"><\/div>\n\t\t\t\t\t\t\t\t<div class=\"elementor-element elementor-element-dde099b elementor-widget elementor-widget-heading\" data-id=\"dde099b\" data-element_type=\"widget\" data-widget_type=\"heading.default\">\n\t\t\t\t<div class=\"elementor-widget-container\">\n\t\t\t<h2 class=\"elementor-heading-title elementor-size-default\">PR\u00c9MIO ALVARINHO DO MUNDO\nMEDALHA DE OURO 2014<\/h2>\t\t<\/div>\n\t\t\t\t<\/div>\n\t\t\t\t<div class=\"elementor-element elementor-element-b96e489 elementor-widget__width-initial elementor-widget elementor-widget-image\" data-id=\"b96e489\" data-element_type=\"widget\" data-widget_type=\"image.default\">\n\t\t\t\t<div class=\"elementor-widget-container\">\n\t\t\t\t\t\t\t\t\t\t\t\t\t\t\t<img loading=\"lazy\" decoding=\"async\" width=\"201\" height=\"202\" src=\"https:\/\/domponciano.com\/wp-content\/uploads\/2022\/05\/fav.png\" class=\"attachment-large size-large wp-image-682\" alt=\"\" srcset=\"https:\/\/domponciano.com\/wp-content\/uploads\/2022\/05\/fav.png 201w, https:\/\/domponciano.com\/wp-content\/uploads\/2022\/05\/fav-150x150.png 150w\" sizes=\"auto, (max-width: 201px) 100vw, 201px\" \/>\t\t\t\t\t\t\t\t\t\t\t\t\t\t\t<\/div>\n\t\t\t\t<\/div>\n\t\t\t\t<div class=\"elementor-element elementor-element-4dfdaa5 elementor-widget__width-initial elementor-widget elementor-widget-heading\" data-id=\"4dfdaa5\" data-element_type=\"widget\" data-widget_type=\"heading.default\">\n\t\t\t\t<div class=\"elementor-widget-container\">\n\t\t\t<h2 class=\"elementor-heading-title elementor-size-default\">PRATA<\/h2>\t\t<\/div>\n\t\t\t\t<\/div>\n\t\t\t\t<div class=\"elementor-element elementor-element-068c71e elementor-widget__width-initial elementor-widget elementor-widget-heading\" data-id=\"068c71e\" data-element_type=\"widget\" data-widget_type=\"heading.default\">\n\t\t\t\t<div class=\"elementor-widget-container\">\n\t\t\t<h2 class=\"elementor-heading-title elementor-size-default\">Pr\u00e9mio <\/h2>\t\t<\/div>\n\t\t\t\t<\/div>\n\t\t\t\t\t<\/div>\n\t\t<\/div>\n\t\t\t\t<div class=\"elementor-column elementor-col-33 elementor-top-column elementor-element elementor-element-77baa35 elementor-invisible\" data-id=\"77baa35\" data-element_type=\"column\" data-settings=\"{&quot;background_background&quot;:&quot;classic&quot;,&quot;animation&quot;:&quot;fadeInRight&quot;}\">\n\t\t\t<div class=\"elementor-widget-wrap elementor-element-populated\">\n\t\t\t\t\t<div class=\"elementor-background-overlay\"><\/div>\n\t\t\t\t\t\t\t\t<div class=\"elementor-element elementor-element-9960092 elementor-widget elementor-widget-heading\" data-id=\"9960092\" data-element_type=\"widget\" data-widget_type=\"heading.default\">\n\t\t\t\t<div class=\"elementor-widget-container\">\n\t\t\t<h2 class=\"elementor-heading-title elementor-size-default\">PR\u00c9MIO ALVARINHO DO MUNDO\nMEDALHA DE OURO 2014<\/h2>\t\t<\/div>\n\t\t\t\t<\/div>\n\t\t\t\t<div class=\"elementor-element elementor-element-6875710 elementor-widget__width-initial elementor-widget elementor-widget-image\" data-id=\"6875710\" data-element_type=\"widget\" data-widget_type=\"image.default\">\n\t\t\t\t<div class=\"elementor-widget-container\">\n\t\t\t\t\t\t\t\t\t\t\t\t\t\t\t<img loading=\"lazy\" decoding=\"async\" width=\"201\" height=\"202\" src=\"https:\/\/domponciano.com\/wp-content\/uploads\/2022\/05\/fav.png\" class=\"attachment-large size-large wp-image-682\" alt=\"\" srcset=\"https:\/\/domponciano.com\/wp-content\/uploads\/2022\/05\/fav.png 201w, https:\/\/domponciano.com\/wp-content\/uploads\/2022\/05\/fav-150x150.png 150w\" sizes=\"auto, (max-width: 201px) 100vw, 201px\" \/>\t\t\t\t\t\t\t\t\t\t\t\t\t\t\t<\/div>\n\t\t\t\t<\/div>\n\t\t\t\t<div class=\"elementor-element elementor-element-3498a58 elementor-widget__width-initial elementor-widget elementor-widget-heading\" data-id=\"3498a58\" data-element_type=\"widget\" data-widget_type=\"heading.default\">\n\t\t\t\t<div class=\"elementor-widget-container\">\n\t\t\t<h2 class=\"elementor-heading-title elementor-size-default\">PRATA<\/h2>\t\t<\/div>\n\t\t\t\t<\/div>\n\t\t\t\t<div class=\"elementor-element elementor-element-4c06d82 elementor-widget__width-initial elementor-widget elementor-widget-heading\" data-id=\"4c06d82\" data-element_type=\"widget\" data-widget_type=\"heading.default\">\n\t\t\t\t<div class=\"elementor-widget-container\">\n\t\t\t<h2 class=\"elementor-heading-title elementor-size-default\">Pr\u00e9mio <\/h2>\t\t<\/div>\n\t\t\t\t<\/div>\n\t\t\t\t\t<\/div>\n\t\t<\/div>\n\t\t\t\t\t\t\t<\/div>\n\t\t<\/section>\n\t\t\t\t<section class=\"elementor-section elementor-top-section elementor-element elementor-element-a8ca946 elementor-section-full_width elementor-section-height-default elementor-section-height-default\" data-id=\"a8ca946\" data-element_type=\"section\">\n\t\t\t\t\t\t<div class=\"elementor-container elementor-column-gap-default\">\n\t\t\t\t\t<div class=\"elementor-column elementor-col-100 elementor-top-column elementor-element elementor-element-99ed69f\" data-id=\"99ed69f\" data-element_type=\"column\">\n\t\t\t<div class=\"elementor-widget-wrap elementor-element-populated\">\n\t\t\t\t\t\t\t\t<div class=\"elementor-element elementor-element-1e87f25 elementor-widget elementor-widget-image\" data-id=\"1e87f25\" data-element_type=\"widget\" data-widget_type=\"image.default\">\n\t\t\t\t<div class=\"elementor-widget-container\">\n\t\t\t\t\t\t\t\t\t\t\t\t\t\t\t<img loading=\"lazy\" decoding=\"async\" width=\"322\" height=\"358\" src=\"https:\/\/domponciano.com\/wp-content\/uploads\/2022\/05\/Group-14-1.png\" class=\"attachment-large size-large wp-image-246\" alt=\"\" srcset=\"https:\/\/domponciano.com\/wp-content\/uploads\/2022\/05\/Group-14-1.png 322w, https:\/\/domponciano.com\/wp-content\/uploads\/2022\/05\/Group-14-1-270x300.png 270w\" sizes=\"auto, (max-width: 322px) 100vw, 322px\" \/>\t\t\t\t\t\t\t\t\t\t\t\t\t\t\t<\/div>\n\t\t\t\t<\/div>\n\t\t\t\t\t<\/div>\n\t\t<\/div>\n\t\t\t\t\t\t\t<\/div>\n\t\t<\/section>\n\t\t\t\t\t\t\t<\/div>","protected":false},"excerpt":{"rendered":"<p>TESTEMUNHOS PR\u00c9MIO ALVARINHO DO MUNDO MEDALHA DE OURO 2014 PRATA Pr\u00e9mio PR\u00c9MIO ALVARINHO DO MUNDO MEDALHA DE OURO 2014 PRATA Pr\u00e9mio PR\u00c9MIO ALVARINHO DO MUNDO MEDALHA DE OURO 2014 PRATA Pr\u00e9mio<\/p>","protected":false},"author":1,"featured_media":0,"parent":0,"menu_order":0,"comment_status":"closed","ping_status":"closed","template":"elementor_header_footer","meta":{"footnotes":""},"class_list":["post-677","page","type-page","status-publish","hentry"],"_links":{"self":[{"href":"https:\/\/domponciano.com\/pt\/wp-json\/wp\/v2\/pages\/677","targetHints":{"allow":["GET"]}}],"collection":[{"href":"https:\/\/domponciano.com\/pt\/wp-json\/wp\/v2\/pages"}],"about":[{"href":"https:\/\/domponciano.com\/pt\/wp-json\/wp\/v2\/types\/page"}],"author":[{"embeddable":true,"href":"https:\/\/domponciano.com\/pt\/wp-json\/wp\/v2\/users\/1"}],"replies":[{"embeddable":true,"href":"https:\/\/domponciano.com\/pt\/wp-json\/wp\/v2\/comments?post=677"}],"version-history":[{"count":64,"href":"https:\/\/domponciano.com\/pt\/wp-json\/wp\/v2\/pages\/677\/revisions"}],"predecessor-version":[{"id":1387,"href":"https:\/\/domponciano.com\/pt\/wp-json\/wp\/v2\/pages\/677\/revisions\/1387"}],"wp:attachment":[{"href":"https:\/\/domponciano.com\/pt\/wp-json\/wp\/v2\/media?parent=677"}],"curies":[{"name":"wp","href":"https:\/\/api.w.org\/{rel}","templated":true}]}}