{"id":531,"date":"2022-05-30T20:30:05","date_gmt":"2022-05-30T20:30:05","guid":{"rendered":"https:\/\/domponciano.com\/?page_id=531"},"modified":"2022-07-20T15:03:36","modified_gmt":"2022-07-20T15:03:36","slug":"terroir","status":"publish","type":"page","link":"https:\/\/domponciano.com\/pt\/terroir\/","title":{"rendered":"TERROIR"},"content":{"rendered":"<div data-elementor-type=\"wp-page\" data-elementor-id=\"531\" class=\"elementor elementor-531\" data-elementor-post-type=\"page\">\n\t\t\t\t\t\t\t\t\t<section class=\"elementor-section elementor-top-section elementor-element elementor-element-07d509d elementor-section-boxed elementor-section-height-default elementor-section-height-default\" data-id=\"07d509d\" data-element_type=\"section\" data-settings=\"{&quot;background_background&quot;:&quot;classic&quot;}\">\n\t\t\t\t\t\t<div class=\"elementor-container elementor-column-gap-default\">\n\t\t\t\t\t<div class=\"elementor-column elementor-col-100 elementor-top-column elementor-element elementor-element-cd5ab9e\" data-id=\"cd5ab9e\" data-element_type=\"column\">\n\t\t\t<div class=\"elementor-widget-wrap elementor-element-populated\">\n\t\t\t\t\t\t\t\t<div class=\"elementor-element elementor-element-1d616fa elementor-widget elementor-widget-heading\" data-id=\"1d616fa\" data-element_type=\"widget\" data-widget_type=\"heading.default\">\n\t\t\t\t<div class=\"elementor-widget-container\">\n\t\t\t<h2 class=\"elementor-heading-title elementor-size-default\">O TERROIR<\/h2>\t\t<\/div>\n\t\t\t\t<\/div>\n\t\t\t\t<div class=\"elementor-element elementor-element-4885fd3 elementor-invisible elementor-widget elementor-widget-image\" data-id=\"4885fd3\" data-element_type=\"widget\" data-settings=\"{&quot;_animation&quot;:&quot;zoomIn&quot;}\" data-widget_type=\"image.default\">\n\t\t\t\t<div class=\"elementor-widget-container\">\n\t\t\t\t\t\t\t\t\t\t\t\t\t\t\t\t<a href=\"\/pt\/\">\n\t\t\t\t\t\t\t<img loading=\"lazy\" decoding=\"async\" width=\"1\" height=\"1\" src=\"https:\/\/domponciano.com\/wp-content\/uploads\/2022\/05\/Group-46.svg\" class=\"attachment-large size-large wp-image-47\" alt=\"\" \/>\t\t\t\t\t\t\t\t<\/a>\n\t\t\t\t\t\t\t\t\t\t\t\t\t\t\t<\/div>\n\t\t\t\t<\/div>\n\t\t\t\t<div class=\"elementor-element elementor-element-a3b461e elementor-absolute elementor-invisible elementor-widget elementor-widget-image\" data-id=\"a3b461e\" data-element_type=\"widget\" data-settings=\"{&quot;_position&quot;:&quot;absolute&quot;,&quot;_animation&quot;:&quot;fadeInLeft&quot;}\" data-widget_type=\"image.default\">\n\t\t\t\t<div class=\"elementor-widget-container\">\n\t\t\t\t\t\t\t\t\t\t\t\t\t\t\t<img loading=\"lazy\" decoding=\"async\" width=\"800\" height=\"449\" src=\"https:\/\/domponciano.com\/wp-content\/uploads\/2022\/05\/Group-1-1024x575.png\" class=\"attachment-large size-large wp-image-533\" alt=\"\" srcset=\"https:\/\/domponciano.com\/wp-content\/uploads\/2022\/05\/Group-1-1024x575.png 1024w, https:\/\/domponciano.com\/wp-content\/uploads\/2022\/05\/Group-1-300x169.png 300w, https:\/\/domponciano.com\/wp-content\/uploads\/2022\/05\/Group-1-768x432.png 768w, https:\/\/domponciano.com\/wp-content\/uploads\/2022\/05\/Group-1.png 1073w\" sizes=\"auto, (max-width: 800px) 100vw, 800px\" \/>\t\t\t\t\t\t\t\t\t\t\t\t\t\t\t<\/div>\n\t\t\t\t<\/div>\n\t\t\t\t\t<\/div>\n\t\t<\/div>\n\t\t\t\t\t\t\t<\/div>\n\t\t<\/section>\n\t\t\t\t<section class=\"elementor-section elementor-top-section elementor-element elementor-element-a95d3a7 elementor-section-boxed elementor-section-height-default elementor-section-height-default\" data-id=\"a95d3a7\" data-element_type=\"section\">\n\t\t\t\t\t\t<div class=\"elementor-container elementor-column-gap-default\">\n\t\t\t\t\t<div class=\"elementor-column elementor-col-100 elementor-top-column elementor-element elementor-element-ea1c747\" data-id=\"ea1c747\" data-element_type=\"column\">\n\t\t\t<div class=\"elementor-widget-wrap elementor-element-populated\">\n\t\t\t\t\t\t\t\t<div class=\"elementor-element elementor-element-aaa799d elementor-invisible elementor-widget elementor-widget-heading\" data-id=\"aaa799d\" data-element_type=\"widget\" data-settings=\"{&quot;_animation&quot;:&quot;fadeIn&quot;}\" data-widget_type=\"heading.default\">\n\t\t\t\t<div class=\"elementor-widget-container\">\n\t\t\t<h2 class=\"elementor-heading-title elementor-size-default\">A TERRA, O HOMEM E O TEMPO\n<\/h2>\t\t<\/div>\n\t\t\t\t<\/div>\n\t\t\t\t<div class=\"elementor-element elementor-element-d6ce9f2 elementor-widget-divider--view-line elementor-invisible elementor-widget elementor-widget-divider\" data-id=\"d6ce9f2\" data-element_type=\"widget\" data-settings=\"{&quot;_animation&quot;:&quot;fadeInLeft&quot;}\" data-widget_type=\"divider.default\">\n\t\t\t\t<div class=\"elementor-widget-container\">\n\t\t\t\t\t<div class=\"elementor-divider\">\n\t\t\t<span class=\"elementor-divider-separator\">\n\t\t\t\t\t\t<\/span>\n\t\t<\/div>\n\t\t\t\t<\/div>\n\t\t\t\t<\/div>\n\t\t\t\t<section class=\"elementor-section elementor-inner-section elementor-element elementor-element-574f1f9 elementor-section-boxed elementor-section-height-default elementor-section-height-default\" data-id=\"574f1f9\" data-element_type=\"section\">\n\t\t\t\t\t\t<div class=\"elementor-container elementor-column-gap-default\">\n\t\t\t\t\t<div class=\"elementor-column elementor-col-100 elementor-inner-column elementor-element elementor-element-b09b778\" data-id=\"b09b778\" data-element_type=\"column\">\n\t\t\t<div class=\"elementor-widget-wrap elementor-element-populated\">\n\t\t\t\t\t\t\t\t<div class=\"elementor-element elementor-element-4e64407 elementor-invisible elementor-widget elementor-widget-text-editor\" data-id=\"4e64407\" data-element_type=\"widget\" data-settings=\"{&quot;_animation&quot;:&quot;fadeIn&quot;}\" data-widget_type=\"text-editor.default\">\n\t\t\t\t<div class=\"elementor-widget-container\">\n\t\t\t\t\t\t\t<p>As vinhas de Dom Ponciano inserem-se num terroir \u00fanico, onde as caracter\u00edsticas naturais, a dimens\u00e3o humana e o enraizamento hist\u00f3rico e cultural se conjugam na produ\u00e7\u00e3o de um vinho que tem alcan\u00e7ando um crescente reconhecimento internacional. Os vinhos Dom Ponciano s\u00e3o provenientes de 9 hectares de vinhas pr\u00f3prias, entre os 150 e os 350 metros de altitude, todas da casta Alvarinho, e tamb\u00e9m de uvas que a empresa compra a pequenos produtores da regi\u00e3o, acompanhando toda a produ\u00e7\u00e3o.<\/p>\t\t\t\t\t\t<\/div>\n\t\t\t\t<\/div>\n\t\t\t\t\t<\/div>\n\t\t<\/div>\n\t\t\t\t\t\t\t<\/div>\n\t\t<\/section>\n\t\t\t\t\t<\/div>\n\t\t<\/div>\n\t\t\t\t\t\t\t<\/div>\n\t\t<\/section>\n\t\t\t\t<section class=\"elementor-section elementor-top-section elementor-element elementor-element-2b6d9fb elementor-section-boxed elementor-section-height-default elementor-section-height-default\" data-id=\"2b6d9fb\" data-element_type=\"section\" data-settings=\"{&quot;background_background&quot;:&quot;classic&quot;}\">\n\t\t\t\t\t\t<div class=\"elementor-container elementor-column-gap-default\">\n\t\t\t\t\t<div class=\"elementor-column elementor-col-100 elementor-top-column elementor-element elementor-element-8c86c2f\" data-id=\"8c86c2f\" data-element_type=\"column\">\n\t\t\t<div class=\"elementor-widget-wrap elementor-element-populated\">\n\t\t\t\t\t\t\t\t<div class=\"elementor-element elementor-element-a5fb1cd elementor-invisible elementor-widget elementor-widget-heading\" data-id=\"a5fb1cd\" data-element_type=\"widget\" data-settings=\"{&quot;_animation&quot;:&quot;fadeIn&quot;}\" data-widget_type=\"heading.default\">\n\t\t\t\t<div class=\"elementor-widget-container\">\n\t\t\t<h2 class=\"elementor-heading-title elementor-size-default\">A NOSSA ESS\u00caNCIA\n<\/h2>\t\t<\/div>\n\t\t\t\t<\/div>\n\t\t\t\t<div class=\"elementor-element elementor-element-446d65f elementor-widget-divider--view-line elementor-invisible elementor-widget elementor-widget-divider\" data-id=\"446d65f\" data-element_type=\"widget\" data-settings=\"{&quot;_animation&quot;:&quot;fadeInLeft&quot;}\" data-widget_type=\"divider.default\">\n\t\t\t\t<div class=\"elementor-widget-container\">\n\t\t\t\t\t<div class=\"elementor-divider\">\n\t\t\t<span class=\"elementor-divider-separator\">\n\t\t\t\t\t\t<\/span>\n\t\t<\/div>\n\t\t\t\t<\/div>\n\t\t\t\t<\/div>\n\t\t\t\t\t<\/div>\n\t\t<\/div>\n\t\t\t\t\t\t\t<\/div>\n\t\t<\/section>\n\t\t\t\t<section class=\"elementor-section elementor-top-section elementor-element elementor-element-d3d647d elementor-section-boxed elementor-section-height-default elementor-section-height-default\" data-id=\"d3d647d\" data-element_type=\"section\" data-settings=\"{&quot;background_background&quot;:&quot;classic&quot;}\">\n\t\t\t\t\t\t<div class=\"elementor-container elementor-column-gap-default\">\n\t\t\t\t\t<div class=\"elementor-column elementor-col-25 elementor-top-column elementor-element elementor-element-15d58f5\" data-id=\"15d58f5\" data-element_type=\"column\">\n\t\t\t<div class=\"elementor-widget-wrap elementor-element-populated\">\n\t\t\t\t\t\t\t\t<div class=\"elementor-element elementor-element-05a0cf8 elementor-invisible elementor-widget elementor-widget-image\" data-id=\"05a0cf8\" data-element_type=\"widget\" data-settings=\"{&quot;_animation&quot;:&quot;fadeIn&quot;}\" data-widget_type=\"image.default\">\n\t\t\t\t<div class=\"elementor-widget-container\">\n\t\t\t\t\t\t\t\t\t\t\t\t\t\t\t<img loading=\"lazy\" decoding=\"async\" width=\"44\" height=\"41\" src=\"https:\/\/domponciano.com\/wp-content\/uploads\/2022\/05\/Group-11.svg\" class=\"attachment-medium_large size-medium_large wp-image-538\" alt=\"\" \/>\t\t\t\t\t\t\t\t\t\t\t\t\t\t\t<\/div>\n\t\t\t\t<\/div>\n\t\t\t\t<div class=\"elementor-element elementor-element-790520d elementor-invisible elementor-widget elementor-widget-heading\" data-id=\"790520d\" data-element_type=\"widget\" data-settings=\"{&quot;_animation&quot;:&quot;fadeIn&quot;}\" data-widget_type=\"heading.default\">\n\t\t\t\t<div class=\"elementor-widget-container\">\n\t\t\t<h2 class=\"elementor-heading-title elementor-size-default\">SOLO\n<\/h2>\t\t<\/div>\n\t\t\t\t<\/div>\n\t\t\t\t<div class=\"elementor-element elementor-element-c7ff3f7 elementor-invisible elementor-widget elementor-widget-text-editor\" data-id=\"c7ff3f7\" data-element_type=\"widget\" data-settings=\"{&quot;_animation&quot;:&quot;fadeInLeft&quot;}\" data-widget_type=\"text-editor.default\">\n\t\t\t\t<div class=\"elementor-widget-container\">\n\t\t\t\t\t\t\t<p>O solo \u00e9 um elemento fundamental no cultivo da vinha e no perfil do vinho. Os solos derivados de um substrato de granito calco-alcalino, predominantes neste territ\u00f3rio, possuem na sua composi\u00e7\u00e3o uma quantidade razo\u00e1vel de argila e granito, que lhes confere boa capacidade de arejamento e drenagem, propriedades ed\u00e1ficas ideais para o desenvolvimento da vinha, respons\u00e1veis pelo incremento da mineralidade no seu est\u00e1gio.<\/p>\t\t\t\t\t\t<\/div>\n\t\t\t\t<\/div>\n\t\t\t\t\t<\/div>\n\t\t<\/div>\n\t\t\t\t<div class=\"elementor-column elementor-col-25 elementor-top-column elementor-element elementor-element-04c9db7\" data-id=\"04c9db7\" data-element_type=\"column\">\n\t\t\t<div class=\"elementor-widget-wrap elementor-element-populated\">\n\t\t\t\t\t\t\t\t<div class=\"elementor-element elementor-element-55c02d2 elementor-invisible elementor-widget elementor-widget-image\" data-id=\"55c02d2\" data-element_type=\"widget\" data-settings=\"{&quot;_animation&quot;:&quot;fadeIn&quot;}\" data-widget_type=\"image.default\">\n\t\t\t\t<div class=\"elementor-widget-container\">\n\t\t\t\t\t\t\t\t\t\t\t\t\t\t\t<img loading=\"lazy\" decoding=\"async\" width=\"46\" height=\"41\" src=\"https:\/\/domponciano.com\/wp-content\/uploads\/2022\/05\/Group-2.svg\" class=\"attachment-medium_large size-medium_large wp-image-537\" alt=\"\" \/>\t\t\t\t\t\t\t\t\t\t\t\t\t\t\t<\/div>\n\t\t\t\t<\/div>\n\t\t\t\t<div class=\"elementor-element elementor-element-71adda4 elementor-invisible elementor-widget elementor-widget-heading\" data-id=\"71adda4\" data-element_type=\"widget\" data-settings=\"{&quot;_animation&quot;:&quot;fadeIn&quot;}\" data-widget_type=\"heading.default\">\n\t\t\t\t<div class=\"elementor-widget-container\">\n\t\t\t<h2 class=\"elementor-heading-title elementor-size-default\">CLIMA<\/h2>\t\t<\/div>\n\t\t\t\t<\/div>\n\t\t\t\t<div class=\"elementor-element elementor-element-faffa3b elementor-invisible elementor-widget elementor-widget-text-editor\" data-id=\"faffa3b\" data-element_type=\"widget\" data-settings=\"{&quot;_animation&quot;:&quot;fadeInLeft&quot;}\" data-widget_type=\"text-editor.default\">\n\t\t\t\t<div class=\"elementor-widget-container\">\n\t\t\t\t\t\t\t<p>Circundada pelos alinhamentos montanhosos que limitam o vale do Minho, a sub-regi\u00e3o de Mon\u00e7\u00e3o e Melga\u00e7o \u00e9 protegida dos ventos mar\u00edtimos que imprimem a influ\u00eancia Atl\u00e2ntica que condiciona as caracter\u00edsticas dos demais vinhos da Regi\u00e3o Demarcada dos Vinhos Verdes. Deste modo, esta sub-regi\u00e3o usufrui de um microclima muito pr\u00f3prio, cujas caracter\u00edsticas de precipita\u00e7\u00e3o, humidade e temperatura constituem fatores fundamentais na diferencia\u00e7\u00e3o qualitativa do vinho Alvarinho. Este microclima define-se como temperado atl\u00e2ntico de influ\u00eancia continental, possuindo invernos frios e chuvosos e um ver\u00e3o quente e seco, com noites frias. A presen\u00e7a de um conjunto significativo de superf\u00edcies de \u00e1gua (rio Minho e principais afluentes) induz uma regula\u00e7\u00e3o das temperaturas, permitindo que as amplitudes t\u00e9rmicas sejam a adequadas para a produ\u00e7\u00e3o de vinhos frescos e arom\u00e1ticos.<\/p>\t\t\t\t\t\t<\/div>\n\t\t\t\t<\/div>\n\t\t\t\t\t<\/div>\n\t\t<\/div>\n\t\t\t\t<div class=\"elementor-column elementor-col-25 elementor-top-column elementor-element elementor-element-c5ef509\" data-id=\"c5ef509\" data-element_type=\"column\">\n\t\t\t<div class=\"elementor-widget-wrap elementor-element-populated\">\n\t\t\t\t\t\t\t\t<div class=\"elementor-element elementor-element-56c0cad elementor-invisible elementor-widget elementor-widget-image\" data-id=\"56c0cad\" data-element_type=\"widget\" data-settings=\"{&quot;_animation&quot;:&quot;fadeIn&quot;}\" data-widget_type=\"image.default\">\n\t\t\t\t<div class=\"elementor-widget-container\">\n\t\t\t\t\t\t\t\t\t\t\t\t\t\t\t<img loading=\"lazy\" decoding=\"async\" width=\"46\" height=\"42\" src=\"https:\/\/domponciano.com\/wp-content\/uploads\/2022\/05\/Group-3.svg\" class=\"attachment-medium_large size-medium_large wp-image-536\" alt=\"\" \/>\t\t\t\t\t\t\t\t\t\t\t\t\t\t\t<\/div>\n\t\t\t\t<\/div>\n\t\t\t\t<div class=\"elementor-element elementor-element-161e730 elementor-invisible elementor-widget elementor-widget-heading\" data-id=\"161e730\" data-element_type=\"widget\" data-settings=\"{&quot;_animation&quot;:&quot;fadeIn&quot;}\" data-widget_type=\"heading.default\">\n\t\t\t\t<div class=\"elementor-widget-container\">\n\t\t\t<h2 class=\"elementor-heading-title elementor-size-default\">CASTAS\n<\/h2>\t\t<\/div>\n\t\t\t\t<\/div>\n\t\t\t\t<div class=\"elementor-element elementor-element-8efc7d9 elementor-invisible elementor-widget elementor-widget-text-editor\" data-id=\"8efc7d9\" data-element_type=\"widget\" data-settings=\"{&quot;_animation&quot;:&quot;fadeInRight&quot;}\" data-widget_type=\"text-editor.default\">\n\t\t\t\t<div class=\"elementor-widget-container\">\n\t\t\t\t\t\t\t<p>A casta Alvarinho \u00e9 uma das mais not\u00e1veis castas portuguesas, sendo a respons\u00e1vel pelo sucesso dos primeiros vinhos portugueses monovarietais. \u00c9 uma casta muito antiga, de baixa produ\u00e7\u00e3o e elevada rusticidade. Produz mostos muito ricos em a\u00e7\u00facares e, contudo, apresenta um razo\u00e1vel teor em \u00e1cidos org\u00e2nicos, o que permite obter vinhos de grande equil\u00edbrio, \u00e1lcool moderado e acidez m\u00e9dia-alta. A pel\u00edcula tem grande espessura, contendo uma riqueza enorme de aromas varietais e um elevado teor de taninos. Isto confere aos vinhos complexidade arom\u00e1tica e uma grande estrutura.<br \/>\u00c9 um vinho elementar que se caracteriza quando jovem por uma cor intensa, desde o citrino at\u00e9 palha aberto, com reflexos c\u00edtricos; aroma intenso, distinto e complexo, que vai desde o marmelo, p\u00eassego, banana, lim\u00e3o, maracuj\u00e1 e l\u00edchia (car\u00e1ter frutado), a flor de laranjeira e violeta (car\u00e1ter floral), com o estagio evolui para uma cor entre o palha aberto e palha no aroma e sabor evolui para avel\u00e3 e noz (car\u00e1ter amendoado) e a mel (car\u00e1ter caramelizado), sendo o sabor complexo, macio, redondo, harmonioso, encorpado e persistente.<\/p>\t\t\t\t\t\t<\/div>\n\t\t\t\t<\/div>\n\t\t\t\t\t<\/div>\n\t\t<\/div>\n\t\t\t\t<div class=\"elementor-column elementor-col-25 elementor-top-column elementor-element elementor-element-c0b238b\" data-id=\"c0b238b\" data-element_type=\"column\">\n\t\t\t<div class=\"elementor-widget-wrap elementor-element-populated\">\n\t\t\t\t\t\t\t\t<div class=\"elementor-element elementor-element-8a07358 elementor-invisible elementor-widget elementor-widget-image\" data-id=\"8a07358\" data-element_type=\"widget\" data-settings=\"{&quot;_animation&quot;:&quot;fadeIn&quot;}\" data-widget_type=\"image.default\">\n\t\t\t\t<div class=\"elementor-widget-container\">\n\t\t\t\t\t\t\t\t\t\t\t\t\t\t\t<img loading=\"lazy\" decoding=\"async\" width=\"40\" height=\"39\" src=\"https:\/\/domponciano.com\/wp-content\/uploads\/2022\/05\/Group-4.svg\" class=\"attachment-medium_large size-medium_large wp-image-535\" alt=\"\" \/>\t\t\t\t\t\t\t\t\t\t\t\t\t\t\t<\/div>\n\t\t\t\t<\/div>\n\t\t\t\t<div class=\"elementor-element elementor-element-d560333 elementor-invisible elementor-widget elementor-widget-heading\" data-id=\"d560333\" data-element_type=\"widget\" data-settings=\"{&quot;_animation&quot;:&quot;fadeIn&quot;}\" data-widget_type=\"heading.default\">\n\t\t\t\t<div class=\"elementor-widget-container\">\n\t\t\t<h2 class=\"elementor-heading-title elementor-size-default\">ADEGA\n<\/h2>\t\t<\/div>\n\t\t\t\t<\/div>\n\t\t\t\t<div class=\"elementor-element elementor-element-ac95efe elementor-invisible elementor-widget elementor-widget-text-editor\" data-id=\"ac95efe\" data-element_type=\"widget\" data-settings=\"{&quot;_animation&quot;:&quot;fadeInRight&quot;}\" data-widget_type=\"text-editor.default\">\n\t\t\t\t<div class=\"elementor-widget-container\">\n\t\t\t\t\t\t\t<p>A adega est\u00e1 desenhada e dotada com equipamento moderno que lhe permite vinificar as suas uvas com o m\u00e1ximo cuidado de modo a preservar todas as suas qualidades.<br \/>Os cachos s\u00e3o cortados para caixas furadas de 20 kg e transportados de imediato para a adega. As uvas s\u00e3o colocadas inteiras em prensa pneum\u00e1tica e prensadas a press\u00f5es inferiores a 0,6 bares durante 2 horas. O mosto obtido \u00e9 logo sulfitado e refrigerado para que a decanta\u00e7\u00e3o seja perfeita.<br \/>Ao fim de 48 horas o mosto \u00e9 trasfegado e vai para cubas com controle de temperatura para realizar a fermenta\u00e7\u00e3o alco\u00f3lica durante 3 a 4 semanas. Durante o per\u00edodo em que fica em est\u00e1gio \u00e9 efetuada a bat\u00f4nage (levantamento das borras finas) durante aproximadamente 5 meses no caso do lote &#8220;Dom Ponciano&#8221;. No caso do Dom Ponciano reserva, este procedimento realiza-se durante mais 6 meses aproximadamente, ficando depois sobre as borras finas durante mais 24 meses.<\/p>\t\t\t\t\t\t<\/div>\n\t\t\t\t<\/div>\n\t\t\t\t\t<\/div>\n\t\t<\/div>\n\t\t\t\t\t\t\t<\/div>\n\t\t<\/section>\n\t\t\t\t<section class=\"elementor-section elementor-top-section elementor-element elementor-element-c45a253 elementor-section-boxed elementor-section-height-default elementor-section-height-default\" data-id=\"c45a253\" data-element_type=\"section\">\n\t\t\t\t\t\t<div class=\"elementor-container elementor-column-gap-default\">\n\t\t\t\t\t<div class=\"elementor-column elementor-col-100 elementor-top-column elementor-element elementor-element-a0f8654\" data-id=\"a0f8654\" data-element_type=\"column\">\n\t\t\t<div class=\"elementor-widget-wrap elementor-element-populated\">\n\t\t\t\t\t\t\t\t<div class=\"elementor-element elementor-element-74e5f23 elementor-invisible elementor-widget elementor-widget-image\" data-id=\"74e5f23\" data-element_type=\"widget\" data-settings=\"{&quot;_animation&quot;:&quot;fadeIn&quot;}\" data-widget_type=\"image.default\">\n\t\t\t\t<div class=\"elementor-widget-container\">\n\t\t\t\t\t\t\t\t\t\t\t\t\t\t\t<img loading=\"lazy\" decoding=\"async\" width=\"800\" height=\"545\" src=\"https:\/\/domponciano.com\/wp-content\/uploads\/2022\/05\/Group-39.svg\" class=\"attachment-large size-large wp-image-541\" alt=\"\" \/>\t\t\t\t\t\t\t\t\t\t\t\t\t\t\t<\/div>\n\t\t\t\t<\/div>\n\t\t\t\t\t<\/div>\n\t\t<\/div>\n\t\t\t\t\t\t\t<\/div>\n\t\t<\/section>\n\t\t\t\t<section class=\"elementor-section elementor-top-section elementor-element elementor-element-024ac6e elementor-section-full_width elementor-section-height-default elementor-section-height-default\" data-id=\"024ac6e\" data-element_type=\"section\">\n\t\t\t\t\t\t<div class=\"elementor-container elementor-column-gap-default\">\n\t\t\t\t\t<div class=\"elementor-column elementor-col-100 elementor-top-column elementor-element elementor-element-6c2fcd8\" data-id=\"6c2fcd8\" data-element_type=\"column\">\n\t\t\t<div class=\"elementor-widget-wrap elementor-element-populated\">\n\t\t\t\t\t\t\t\t<div class=\"elementor-element elementor-element-dc67529 elementor-invisible elementor-widget elementor-widget-image\" data-id=\"dc67529\" data-element_type=\"widget\" data-settings=\"{&quot;_animation&quot;:&quot;fadeIn&quot;}\" data-widget_type=\"image.default\">\n\t\t\t\t<div class=\"elementor-widget-container\">\n\t\t\t\t\t\t\t\t\t\t\t\t\t\t\t<img loading=\"lazy\" decoding=\"async\" width=\"1920\" height=\"1343\" src=\"https:\/\/domponciano.com\/wp-content\/uploads\/2022\/05\/P1033098Gold9s-1.png\" class=\"attachment-full size-full wp-image-540\" alt=\"\" srcset=\"https:\/\/domponciano.com\/wp-content\/uploads\/2022\/05\/P1033098Gold9s-1.png 1920w, https:\/\/domponciano.com\/wp-content\/uploads\/2022\/05\/P1033098Gold9s-1-300x210.png 300w, https:\/\/domponciano.com\/wp-content\/uploads\/2022\/05\/P1033098Gold9s-1-1024x716.png 1024w, https:\/\/domponciano.com\/wp-content\/uploads\/2022\/05\/P1033098Gold9s-1-768x537.png 768w, https:\/\/domponciano.com\/wp-content\/uploads\/2022\/05\/P1033098Gold9s-1-1536x1074.png 1536w\" sizes=\"auto, (max-width: 1920px) 100vw, 1920px\" \/>\t\t\t\t\t\t\t\t\t\t\t\t\t\t\t<\/div>\n\t\t\t\t<\/div>\n\t\t\t\t\t<\/div>\n\t\t<\/div>\n\t\t\t\t\t\t\t<\/div>\n\t\t<\/section>\n\t\t\t\t\t\t\t<\/div>","protected":false},"excerpt":{"rendered":"<p>O TERROIR A TERRA, O HOMEM E O TEMPO As vinhas de Dom Ponciano inserem-se num terroir \u00fanico, onde as caracter\u00edsticas naturais, a dimens\u00e3o humana e o enraizamento hist\u00f3rico e cultural se conjugam na produ\u00e7\u00e3o de um vinho que tem alcan\u00e7ando um crescente reconhecimento internacional. Os vinhos Dom Ponciano s\u00e3o provenientes de 9 hectares de [&hellip;]<\/p>","protected":false},"author":1,"featured_media":0,"parent":0,"menu_order":0,"comment_status":"closed","ping_status":"closed","template":"elementor_header_footer","meta":{"footnotes":""},"class_list":["post-531","page","type-page","status-publish","hentry"],"_links":{"self":[{"href":"https:\/\/domponciano.com\/pt\/wp-json\/wp\/v2\/pages\/531","targetHints":{"allow":["GET"]}}],"collection":[{"href":"https:\/\/domponciano.com\/pt\/wp-json\/wp\/v2\/pages"}],"about":[{"href":"https:\/\/domponciano.com\/pt\/wp-json\/wp\/v2\/types\/page"}],"author":[{"embeddable":true,"href":"https:\/\/domponciano.com\/pt\/wp-json\/wp\/v2\/users\/1"}],"replies":[{"embeddable":true,"href":"https:\/\/domponciano.com\/pt\/wp-json\/wp\/v2\/comments?post=531"}],"version-history":[{"count":40,"href":"https:\/\/domponciano.com\/pt\/wp-json\/wp\/v2\/pages\/531\/revisions"}],"predecessor-version":[{"id":1376,"href":"https:\/\/domponciano.com\/pt\/wp-json\/wp\/v2\/pages\/531\/revisions\/1376"}],"wp:attachment":[{"href":"https:\/\/domponciano.com\/pt\/wp-json\/wp\/v2\/media?parent=531"}],"curies":[{"name":"wp","href":"https:\/\/api.w.org\/{rel}","templated":true}]}}